{"id":6276,"date":"2021-12-06T12:50:28","date_gmt":"2021-12-06T17:50:28","guid":{"rendered":"https:\/\/pitcaribou.com\/produit\/dark-beer-soap-gaspesienne-13\/"},"modified":"2024-03-04T08:18:21","modified_gmt":"2024-03-04T13:18:21","slug":"dark-beer-soap-gaspesienne-13","status":"publish","type":"product","link":"https:\/\/pitcaribou.com\/en\/product\/dark-beer-soap-gaspesienne-13\/","title":{"rendered":"Dark Beer Soap Gasp\u00e9sienne #13 &#8220;Parle pas d&#8217;\u00e7a&#8221;"},"content":{"rendered":"<p>You couldn&#8217;t find the beer you wanted, and it&#8217;s making you sweat?<\/p>\n<p>Take out your swag and take the opportunity to give yourself a little soap!<\/p>\n<p>Handmade by our friends at the Poussi\u00e8re d&#8217;\u00e9toile soap factory in Perc\u00e9, using donkey&#8217;s milk and our Gasp\u00e9 #13.<\/p>\n<p>&#8211; 125g<\/p>\n<pre id=\"tw-target-text\" class=\"tw-data-text tw-text-large tw-ta\" dir=\"ltr\" data-placeholder=\"Translation\"><span class=\"Y2IQFc\" lang=\"en\">\r\n<\/span><\/pre>\n","protected":false},"excerpt":{"rendered":"<p>You couldn&#8217;t find the beer you wanted, and it&#8217;s making you sweat? Take out your swag and take the opportunity to give yourself a little soap! Handmade by our friends at the Poussi\u00e8re d&#8217;\u00e9toile soap factory in Perc\u00e9, using donkey&#8217;s milk and our Gasp\u00e9 #13. &#8211; 125g<\/p>\n","protected":false},"featured_media":6269,"template":"","meta":{"_monsterinsights_skip_tracking":false,"_monsterinsights_sitenote_active":false,"_monsterinsights_sitenote_note":"","_monsterinsights_sitenote_category":0},"product_cat":[209],"product_tag":[],"aioseo_notices":[],"_links":{"self":[{"href":"https:\/\/pitcaribou.com\/en\/wp-json\/wp\/v2\/product\/6276"}],"collection":[{"href":"https:\/\/pitcaribou.com\/en\/wp-json\/wp\/v2\/product"}],"about":[{"href":"https:\/\/pitcaribou.com\/en\/wp-json\/wp\/v2\/types\/product"}],"wp:featuredmedia":[{"embeddable":true,"href":"https:\/\/pitcaribou.com\/en\/wp-json\/wp\/v2\/media\/6269"}],"wp:attachment":[{"href":"https:\/\/pitcaribou.com\/en\/wp-json\/wp\/v2\/media?parent=6276"}],"wp:term":[{"taxonomy":"product_cat","embeddable":true,"href":"https:\/\/pitcaribou.com\/en\/wp-json\/wp\/v2\/product_cat?post=6276"},{"taxonomy":"product_tag","embeddable":true,"href":"https:\/\/pitcaribou.com\/en\/wp-json\/wp\/v2\/product_tag?post=6276"}],"curies":[{"name":"wp","href":"https:\/\/api.w.org\/{rel}","templated":true}]}}