{"id":2356,"date":"2019-12-16T00:13:15","date_gmt":"2019-12-16T05:13:15","guid":{"rendered":"https:\/\/pitcaribou.com\/?page_id=2356"},"modified":"2026-02-03T12:00:21","modified_gmt":"2026-02-03T17:00:21","slug":"lanse-a-beaufils","status":"publish","type":"page","link":"https:\/\/pitcaribou.com\/en\/our-pubs\/lanse-a-beaufils\/","title":{"rendered":"L\u2019Anse-\u00e0-Beaufils"},"content":{"rendered":"<div class=\"wpb-content-wrapper\"><p>[vc_row full_width=&#8221;stretch_row_content_no_spaces&#8221; css=&#8221;.vc_custom_1574887283739{margin-top: 0px !important;padding-top: 0px !important;}&#8221;][vc_column]\n\t\t\t<!-- START Pub de L&#039;Anse\u00e0Beaufils REVOLUTION SLIDER 6.7.2 --><p class=\"rs-p-wp-fix\"><\/p>\n\t\t\t<rs-module-wrap id=\"rev_slider_5_1_wrapper\" data-source=\"gallery\" style=\"visibility:hidden;background:transparent;padding:0;margin:0px auto;margin-top:0;margin-bottom:0;\">\n\t\t\t\t<rs-module id=\"rev_slider_5_1\" style=\"\" data-version=\"6.7.2\">\n\t\t\t\t\t<rs-slides style=\"overflow: hidden; position: absolute;\">\n\t\t\t\t\t\t<rs-slide style=\"position: absolute;\" data-key=\"rs-28\" data-title=\"Terrasse\" data-anim=\"ms:600ms;r:0;\" data-in=\"o:0;\" data-out=\"a:false;\">\n\t\t\t\t\t\t\t<img decoding=\"async\" src=\"\/\/pitcaribou.com\/wp-content\/plugins\/revslider\/sr6\/assets\/assets\/dummy.png\" alt=\"Terrasse de l'Anse-\u00e0-Beaufil\" title=\"Terrasse de l&#8217;Anse-\u00e0-Beaufil\" width=\"2000\" height=\"895\" class=\"rev-slidebg tp-rs-img rs-lazyload\" data-lazyload=\"\/\/pitcaribou.com\/wp-content\/uploads\/2019\/12\/banner-anse-terrasse.jpg\" data-no-retina>\n<!--\n\t\t\t\t\t\t\t--><h3\n\t\t\t\t\t\t\t\tid=\"slider-5-slide-28-layer-0\" \n\t\t\t\t\t\t\t\tclass=\"rs-layer\"\n\t\t\t\t\t\t\t\tdata-type=\"text\"\n\t\t\t\t\t\t\t\tdata-rsp_ch=\"on\"\n\t\t\t\t\t\t\t\tdata-xy=\"x:r;xo:70px,70px,28px,28px;y:b;yo:140px,140px,76px,76px;\"\n\t\t\t\t\t\t\t\tdata-text=\"w:normal;s:80,80,40,40;l:90,90,45,45;a:right;\"\n\t\t\t\t\t\t\t\tdata-basealign=\"slide\"\n\t\t\t\t\t\t\t\tdata-frame_0=\"x:-25px,-25px,-9px,-9px;\"\n\t\t\t\t\t\t\t\tdata-frame_1=\"e:power3.in;st:500;sp:600;sR:490;\"\n\t\t\t\t\t\t\t\tdata-frame_999=\"o:0;st:w;sR:5910;\"\n\t\t\t\t\t\t\t\tstyle=\"z-index:9;font-family:'Roboto Slab';\"\n\t\t\t\t\t\t\t>Sit back and relax on the nicest terrace <br \/>on the Gasp\u00e9 Peninsula \n\t\t\t\t\t\t\t<\/h3><!--\n\n\t\t\t\t\t\t\t--><rs-layer\n\t\t\t\t\t\t\t\tid=\"slider-5-slide-28-layer-1\" \n\t\t\t\t\t\t\t\tdata-type=\"text\"\n\t\t\t\t\t\t\t\tdata-rsp_ch=\"on\"\n\t\t\t\t\t\t\t\tdata-xy=\"x:r;xo:70px,70px,28px,28px;y:b;yo:86px,86px,34px,34px;\"\n\t\t\t\t\t\t\t\tdata-text=\"w:normal;s:40,40,35,35;l:50,50,40,40;fw:300;a:right;\"\n\t\t\t\t\t\t\t\tdata-basealign=\"slide\"\n\t\t\t\t\t\t\t\tdata-frame_0=\"x:-25px,-25px,-9px,-9px;\"\n\t\t\t\t\t\t\t\tdata-frame_1=\"e:power3.in;st:800;sp:600;sR:470;\"\n\t\t\t\t\t\t\t\tdata-frame_999=\"o:0;st:w;sR:5930;\"\n\t\t\t\t\t\t\t\tstyle=\"z-index:8;font-family:'Roboto';\"\n\t\t\t\t\t\t\t>You\u2019ve got to see it to <i>beerlieve<\/i> it! \n\t\t\t\t\t\t\t<\/rs-layer><!--\n-->\t\t\t\t\t<\/rs-slide>\n\t\t\t\t\t\t<rs-slide style=\"position: absolute;\" data-key=\"rs-29\" data-title=\"M\u00e9t\u00e9o\" data-anim=\"ms:600ms;r:0;\" data-in=\"o:0;\" data-out=\"a:false;\">\n\t\t\t\t\t\t\t<img decoding=\"async\" src=\"\/\/pitcaribou.com\/wp-content\/plugins\/revslider\/sr6\/assets\/assets\/dummy.png\" alt=\"L'Anse-\u00e0-Beaufil M\u00e9t\u00e9o boisson\" title=\"L&#8217;Anse-\u00e0-Beaufil M\u00e9t\u00e9o boisson\" width=\"2000\" height=\"896\" class=\"rev-slidebg tp-rs-img rs-lazyload\" data-lazyload=\"\/\/pitcaribou.com\/wp-content\/uploads\/2019\/12\/banner-anse-meteo.jpg\" data-bg=\"p:right center;\" data-no-retina>\n<!--\n\t\t\t\t\t\t\t--><h3\n\t\t\t\t\t\t\t\tid=\"slider-5-slide-29-layer-0\" \n\t\t\t\t\t\t\t\tclass=\"rs-layer\"\n\t\t\t\t\t\t\t\tdata-type=\"text\"\n\t\t\t\t\t\t\t\tdata-color=\"#000000\"\n\t\t\t\t\t\t\t\tdata-rsp_ch=\"on\"\n\t\t\t\t\t\t\t\tdata-xy=\"x:c;y:m;yo:-295px,-295px,-129px,-129px;\"\n\t\t\t\t\t\t\t\tdata-text=\"w:normal;s:80,80,36,36;l:90,90,45,45;a:center;\"\n\t\t\t\t\t\t\t\tdata-basealign=\"slide\"\n\t\t\t\t\t\t\t\tdata-frame_0=\"y:-25px,-25px,-9px,-9px;\"\n\t\t\t\t\t\t\t\tdata-frame_1=\"e:power3.in;st:500;sp:600;sR:490;\"\n\t\t\t\t\t\t\t\tdata-frame_999=\"o:0;st:w;sR:5910;\"\n\t\t\t\t\t\t\t\tstyle=\"z-index:9;font-family:'Roboto Slab';\"\n\t\t\t\t\t\t\t>Today\u2019s weather forecast: fair and thirsty! \n\t\t\t\t\t\t\t<\/h3><!--\n\n\t\t\t\t\t\t\t--><rs-layer\n\t\t\t\t\t\t\t\tid=\"slider-5-slide-29-layer-1\" \n\t\t\t\t\t\t\t\tdata-type=\"text\"\n\t\t\t\t\t\t\t\tdata-color=\"#000000\"\n\t\t\t\t\t\t\t\tdata-rsp_ch=\"on\"\n\t\t\t\t\t\t\t\tdata-xy=\"x:c;y:m;yo:-216px,-216px,-83px,-83px;\"\n\t\t\t\t\t\t\t\tdata-text=\"w:normal;s:40,40,35,35;l:50,50,40,40;fw:300;a:center;\"\n\t\t\t\t\t\t\t\tdata-basealign=\"slide\"\n\t\t\t\t\t\t\t\tdata-frame_0=\"y:-25px,-25px,-9px,-9px;\"\n\t\t\t\t\t\t\t\tdata-frame_1=\"e:power3.in;st:800;sp:600;sR:470;\"\n\t\t\t\t\t\t\t\tdata-frame_999=\"o:0;st:w;sR:5930;\"\n\t\t\t\t\t\t\t\tstyle=\"z-index:8;font-family:'Roboto';\"\n\t\t\t\t\t\t\t>Come rain or shine, we\u2019re feeling fine \n\t\t\t\t\t\t\t<\/rs-layer><!--\n-->\t\t\t\t\t<\/rs-slide>\n\t\t\t\t\t\t<rs-slide style=\"position: absolute;\" data-key=\"rs-30\" data-title=\"Plage\" data-anim=\"ms:600ms;r:0;\" data-in=\"o:0;\" data-out=\"a:false;\">\n\t\t\t\t\t\t\t<img decoding=\"async\" src=\"\/\/pitcaribou.com\/wp-content\/plugins\/revslider\/sr6\/assets\/assets\/dummy.png\" alt=\"Plage de l'Anse-\u00e0-Beaufil\" title=\"Plage de l&#8217;Anse-\u00e0-Beaufil\" width=\"2000\" height=\"895\" class=\"rev-slidebg tp-rs-img rs-lazyload\" data-lazyload=\"\/\/pitcaribou.com\/wp-content\/uploads\/2019\/12\/banner-anse-plage.jpg\" data-bg=\"p:0% 0%;\" data-no-retina>\n<!--\n\t\t\t\t\t\t\t--><h3\n\t\t\t\t\t\t\t\tid=\"slider-5-slide-30-layer-0\" \n\t\t\t\t\t\t\t\tclass=\"rs-layer\"\n\t\t\t\t\t\t\t\tdata-type=\"text\"\n\t\t\t\t\t\t\t\tdata-rsp_ch=\"on\"\n\t\t\t\t\t\t\t\tdata-xy=\"x:c;y:m;yo:50px,50px,17px,17px;\"\n\t\t\t\t\t\t\t\tdata-text=\"w:normal;s:70,70,28,28;l:90,90,38,38;a:center;\"\n\t\t\t\t\t\t\t\tdata-basealign=\"slide\"\n\t\t\t\t\t\t\t\tdata-frame_0=\"y:-25px,-25px,-9px,-9px;\"\n\t\t\t\t\t\t\t\tdata-frame_1=\"e:power3.in;st:500;sp:600;sR:490;\"\n\t\t\t\t\t\t\t\tdata-frame_999=\"o:0;st:w;sR:5910;\"\n\t\t\t\t\t\t\t\tstyle=\"z-index:9;font-family:'Roboto Slab';\"\n\t\t\t\t\t\t\t>Beach views, great brews and guaranteed good company \n\t\t\t\t\t\t\t<\/h3><!--\n\n\t\t\t\t\t\t\t--><rs-layer\n\t\t\t\t\t\t\t\tid=\"slider-5-slide-30-layer-1\" \n\t\t\t\t\t\t\t\tdata-type=\"text\"\n\t\t\t\t\t\t\t\tdata-rsp_ch=\"on\"\n\t\t\t\t\t\t\t\tdata-xy=\"x:c;y:m;yo:130px,130px,56px,56px;\"\n\t\t\t\t\t\t\t\tdata-text=\"w:normal;s:40,40,24,24;l:50,50,28,28;fw:300;\"\n\t\t\t\t\t\t\t\tdata-basealign=\"slide\"\n\t\t\t\t\t\t\t\tdata-frame_0=\"y:-25px,-25px,-9px,-9px;\"\n\t\t\t\t\t\t\t\tdata-frame_1=\"e:power3.in;st:800;sp:600;sR:470;\"\n\t\t\t\t\t\t\t\tdata-frame_999=\"o:0;st:w;sR:5930;\"\n\t\t\t\t\t\t\t\tstyle=\"z-index:8;font-family:'Roboto';\"\n\t\t\t\t\t\t\t>The best spot in town on a sunny afternoon or for a laid-back evening! \n\t\t\t\t\t\t\t<\/rs-layer><!--\n-->\t\t\t\t\t<\/rs-slide>\n\t\t\t\t\t<\/rs-slides>\n\t\t\t\t<\/rs-module>\n\t\t\t\t<script>\n\t\t\t\t\tsetREVStartSize({c: 'rev_slider_5_1',rl:[1240,1240,778,778],el:[880,880,550,550],gw:[1920,1920,778,778],gh:[880,880,550,550],type:'standard',justify:'',layout:'fullwidth',mh:\"0\"});if (window.RS_MODULES!==undefined && window.RS_MODULES.modules!==undefined && window.RS_MODULES.modules[\"revslider51\"]!==undefined) {window.RS_MODULES.modules[\"revslider51\"].once = false;window.revapi5 = undefined;if (window.RS_MODULES.checkMinimal!==undefined) window.RS_MODULES.checkMinimal()}\n\t\t\t\t<\/script>\n\t\t\t<\/rs-module-wrap>\n\t\t\t<!-- END REVOLUTION SLIDER -->\n[\/vc_column][\/vc_row][vc_row css=&#8221;.vc_custom_1574900361039{padding-top: 80px !important;padding-bottom: 80px !important;}&#8221;][vc_column][vc_column_text css=&#8221;&#8221;]<\/p>\n<h1 style=\"text-align: center;\">BOUTIQUE &amp; TERRACE L\u2019ANSE-\u00c0-BEAUFILS<\/h1>\n<p style=\"text-align: center;\">The Pit Caribou terrace is a little slice of heaven on the Gasp\u00e9 Peninsula where you can share a great time with your family and friends. Yes, you can try our 12 delicious beers on tap, but you can also enjoy some time and food on the beach: bring a picnic or grill up a feast on our barbecues. Make yourselves at home!<\/p>\n<p>[\/vc_column_text][\/vc_column][\/vc_row][vc_row full_width=&#8221;stretch_row&#8221; css=&#8221;.vc_custom_1574899798790{margin-bottom: 0px !important;background-color: #5e462e !important;}&#8221; el_class=&#8221;dark pub-openhour-btn&#8221;][vc_column][vc_column_text]<\/p>\n<h2 style=\"text-align: center;\">Click here to view our opening hours<\/h2>\n<p>[\/vc_column_text][\/vc_column][\/vc_row][vc_row full_width=&#8221;stretch_row&#8221; css=&#8221;.vc_custom_1574899778898{margin-top: 0px !important;background-color: #38291b !important;}&#8221; el_class=&#8221;dark pub-openhour&#8221;][vc_column][vc_column_text css=&#8221;&#8221;]<\/p>\n<h3 style=\"text-align: center;\">BOUTIQUE<\/h3>\n<p id=\"tw-target-text\" class=\"tw-data-text tw-text-large tw-ta\" dir=\"ltr\" style=\"text-align: center;\" data-placeholder=\"Traduction\"><span lang=\"en\">Winter Schedule<br \/>\n<\/span>Monday: \u2026\u2026\u2026\u2026\u2026\u2026\u2026. <span lang=\"en\">Closed<\/span><br \/>\nTuesday: \u2026\u2026\u2026\u2026\u2026\u2026\u2026. <span lang=\"en\">Noon<\/span><span lang=\"en\">\u00a0to 5 pm<\/span><br \/>\nWednesday \u2026\u2026\u2026\u2026\u2026&#8230;<span lang=\"en\"> Noon to 5 pm<\/span><br \/>\nThursday: \u2026\u2026\u2026\u2026\u2026\u2026..<span lang=\"en\"> Noon to 5 pm<\/span><br \/>\nFriday: \u2026\u2026\u2026\u2026\u2026\u2026\u2026\u2026.<span lang=\"en\"> Noon to 5 pm<\/span><br \/>\nSaturday: \u2026\u2026\u2026\u2026\u2026\u2026..\u00a0<span lang=\"en\"> Noon to 5 pm<\/span><br \/>\nSunday: \u2026\u2026\u2026\u2026\u2026\u2026\u2026&#8230;&#8230;.<span lang=\"en\"> Closed<\/span><\/p>\n<p>[\/vc_column_text][\/vc_column][\/vc_row][vc_row full_width=&#8221;stretch_row&#8221; content_placement=&#8221;middle&#8221; css=&#8221;.vc_custom_1575274820102{padding-top: 100px !important;padding-bottom: 100px !important;background-image: url(https:\/\/pitcaribou.com\/wp-content\/uploads\/2019\/12\/bg-pub-menu-bigger.jpg?id=1924) !important;background-position: center !important;background-repeat: no-repeat !important;background-size: cover !important;}&#8221; el_class=&#8221;dark pub-row-menu&#8221;][vc_column el_class=&#8221;short-container&#8221;][vc_column_text]<\/p>\n<h2 style=\"text-align: center;\">L\u2019Anse-\u00e0-Beaufils Terrace<\/h2>\n<p style=\"text-align: center;\">Come rain or shine, the L\u2019Anse-\u00e0-Beaufils terrace is the place to be! We believe that life is founded on the special moments you spend with your friends and family, that\u2019s why our terrace is heated and covered: so you can enjoy yourself even if the weather isn\u2019t on your side. There\u2019s no reason to miss out on this little slice of heaven!<\/p>\n<p>[\/vc_column_text][vc_row_inner el_class=&#8221;pub-row-icon&#8221;][vc_column_inner width=&#8221;1\/4&#8243;][vc_raw_html]JTNDaSUyMGNsYXNzJTNEJTIyZmFzJTIwZmEtdXNlcnMlMjIlM0UlM0MlMkZpJTNF[\/vc_raw_html][vc_column_text]<\/p>\n<h4 style=\"text-align: center;\">Family-friendly<\/h4>\n<p style=\"text-align: center;\">A bottle for you, a bottle for me<\/p>\n<p>[\/vc_column_text][\/vc_column_inner][vc_column_inner width=&#8221;1\/4&#8243;][vc_raw_html]JTNDaSUyMGNsYXNzJTNEJTIyZmFzJTIwZmEtYmVlciUyMiUzRSUzQyUyRmklM0U=[\/vc_raw_html][vc_column_text css=&#8221;&#8221;]<\/p>\n<h4 style=\"text-align: center;\">12 beers on tap<\/h4>\n<p style=\"text-align: center;\">Enjoy the surprise when you pop in!<\/p>\n<p>[\/vc_column_text][\/vc_column_inner][vc_column_inner width=&#8221;1\/4&#8243;][vc_raw_html]JTNDaSUyMGNsYXNzJTNEJTIyZmFzJTIwZmEtYm94JTIyJTNFJTNDJTJGaSUzRQ==[\/vc_raw_html][vc_column_text]<\/p>\n<h4 style=\"text-align: center;\">Carry-out beer<\/h4>\n<p style=\"text-align: center;\">Leave with a souvenir<\/p>\n<p>[\/vc_column_text][\/vc_column_inner][vc_column_inner width=&#8221;1\/4&#8243;][vc_raw_html]JTNDaSUyMGNsYXNzJTNEJTIyZmFzJTIwZmEtc3VuJTIyJTNFJTNDJTJGaSUzRQ==[\/vc_raw_html][vc_column_text]<\/p>\n<h4 style=\"text-align: center;\">Souvenir store<\/h4>\n<p style=\"text-align: center;\">Clothing, glasses and beer!<\/p>\n<p>[\/vc_column_text][\/vc_column_inner][\/vc_row_inner][\/vc_column][\/vc_row][vc_row full_width=&#8221;stretch_row&#8221; css=&#8221;.vc_custom_1574913209032{background-color: #b09e5d !important;}&#8221; el_class=&#8221;pub-row-event brown&#8221;][vc_column][vc_column_text]<\/p>\n<h2 style=\"text-align: center;\">See what\u2019s on<\/h2>\n<h3 style=\"text-align: center;\">Artists, musicians and other surprises!<\/h3>\n<p>[\/vc_column_text]\t\t \t<div class=\"btn-wrapper\"><a href=\"https:\/\/pitcaribou.com\/en\/category\/event\/pub-lanse-a-beaufils\/\" class=\"btn \" >\r\n\t\t \t\tView full programme\t\t    <\/a><\/div>\r\n\t\t\t\t\t \t<div class=\"btn-wrapper\"><a href=\"#todo\" class=\"btn \" >\r\n\t\t \t\tDownload programme\t\t    <\/a><\/div>\r\n\t\t\t[\/vc_column][\/vc_row][vc_row full_width=&#8221;stretch_row_content_no_spaces&#8221; el_class=&#8221;pub-row-galery&#8221; css=&#8221;.vc_custom_1575275155392{padding-bottom: 0px !important;}&#8221;][vc_column][vc_gallery type=&#8221;image_grid&#8221; images=&#8221;2953,2965,2963,2959,2961,2955,2957,2967&#8243; img_size=&#8221;pub-galery-thumb&#8221;][\/vc_column][\/vc_row][vc_row full_width=&#8221;stretch_row&#8221; css=&#8221;.vc_custom_1575258954512{padding-top: 60px !important;padding-bottom: 60px !important;background-image: url(https:\/\/pitcaribou.com\/wp-content\/uploads\/2019\/12\/bg-pub-anse-boutique.jpg?id=1894) !important;background-position: center !important;background-repeat: no-repeat !important;background-size: cover !important;}&#8221;][vc_column el_class=&#8221;short-container justify-center&#8221;][vc_single_image image=&#8221;1897&#8243; img_size=&#8221;full&#8221; alignment=&#8221;center&#8221;][vc_column_text]<\/p>\n<h2>Make a sideline to our store<\/h2>\n<p>At Pit Caribou, we\u2019ve replaced salesmen with enthusiastic barmen who can not only help you choose the best beer to suit your tastes, but can also help you pick out the right colour t-shirt for your eyes! Have you ever been shopping with a beer in your hand? Well, at Pit Caribou it\u2019s somewhat of a tradition! Think you can leave our terrace and store empty-handed? Impossible!<\/p>\n<p><strong>Can\u2019t wait until your next visit? <\/strong><br \/>\n<strong>No problemo: you can shop from the comfort of your own home!\u00a0<\/strong>[\/vc_column_text]\t\t \t<div class=\"btn-wrapper\"><a href=\"https:\/\/pitcaribou.com\/en\/online-store\/\" class=\"btn hover-blue\" >\r\n\t\t \t\tAll aboard to the online store!\t\t    <\/a><\/div>\r\n\t\t\t[\/vc_column][\/vc_row]<\/p>\n<\/div>","protected":false},"excerpt":{"rendered":"<p>[vc_row full_width=&#8221;stretch_row_content_no_spaces&#8221; css=&#8221;.vc_custom_1574887283739{margin-top: 0px !important;padding-top: 0px !important;}&#8221;][vc_column][\/vc_column][\/vc_row][vc_row css=&#8221;.vc_custom_1574900361039{padding-top: 80px !important;padding-bottom: 80px !important;}&#8221;][vc_column][vc_column_text css=&#8221;&#8221;] BOUTIQUE &amp; TERRACE L\u2019ANSE-\u00c0-BEAUFILS The Pit Caribou terrace is a little slice of heaven on the Gasp\u00e9 Peninsula where you can share a great time with your family and friends. Yes, you can try our 12 delicious beers on tap, but you [&hellip;]<\/p>\n","protected":false},"author":1,"featured_media":0,"parent":2039,"menu_order":0,"comment_status":"closed","ping_status":"closed","template":"","meta":{"_monsterinsights_skip_tracking":false,"_monsterinsights_sitenote_active":false,"_monsterinsights_sitenote_note":"","_monsterinsights_sitenote_category":0,"footnotes":""},"aioseo_notices":[],"_links":{"self":[{"href":"https:\/\/pitcaribou.com\/en\/wp-json\/wp\/v2\/pages\/2356"}],"collection":[{"href":"https:\/\/pitcaribou.com\/en\/wp-json\/wp\/v2\/pages"}],"about":[{"href":"https:\/\/pitcaribou.com\/en\/wp-json\/wp\/v2\/types\/page"}],"author":[{"embeddable":true,"href":"https:\/\/pitcaribou.com\/en\/wp-json\/wp\/v2\/users\/1"}],"replies":[{"embeddable":true,"href":"https:\/\/pitcaribou.com\/en\/wp-json\/wp\/v2\/comments?post=2356"}],"version-history":[{"count":55,"href":"https:\/\/pitcaribou.com\/en\/wp-json\/wp\/v2\/pages\/2356\/revisions"}],"predecessor-version":[{"id":7433,"href":"https:\/\/pitcaribou.com\/en\/wp-json\/wp\/v2\/pages\/2356\/revisions\/7433"}],"up":[{"embeddable":true,"href":"https:\/\/pitcaribou.com\/en\/wp-json\/wp\/v2\/pages\/2039"}],"wp:attachment":[{"href":"https:\/\/pitcaribou.com\/en\/wp-json\/wp\/v2\/media?parent=2356"}],"curies":[{"name":"wp","href":"https:\/\/api.w.org\/{rel}","templated":true}]}}