{"id":2012,"date":"2019-12-04T02:50:07","date_gmt":"2019-12-04T07:50:07","guid":{"rendered":"https:\/\/pitcaribou.com\/?page_id=2012"},"modified":"2019-12-17T13:42:45","modified_gmt":"2019-12-17T18:42:45","slug":"microbrewery","status":"publish","type":"page","link":"https:\/\/pitcaribou.com\/en\/microbrewery\/","title":{"rendered":"Microbrewery"},"content":{"rendered":"<div class=\"wpb-content-wrapper\"><p>[vc_row css=&#8221;.vc_custom_1574069732799{padding-bottom: 80px !important;}&#8221;][vc_column el_class=&#8221;short-container&#8221;][vc_column_text]<\/p>\n<h1 style=\"text-align: center;\">MICROBREWERY<\/h1>\n<p style=\"text-align: center;\">Located at the heart of L\u2019Anse-\u00e0-Beaufils, a picturesque fishing village close to Perc\u00e9 on the Gasp\u00e9 Peninsula, Pit Caribou opened its doors back in 2007, and quickly made a name for itself as a brilliant, creative and innovative enterprise.<\/p>\n<p style=\"text-align: center;\">If you\u2019ve visited the microbrewery in the past, you\u2019ll have seen first hand that although we\u2019ve grown exponentially since 2007\u2014modifying our facilities time and time again to accommodate our growing company, opening pubs around the province, and creating hundreds of beers\u2014we\u2019ve always managed to preserve our Gasp\u00e9sian roots and family values, and we\u2019ve never once compromised on the quality of our brews.<\/p>\n<p style=\"text-align: center;\">Planning a trip to the microbrewery?<br \/>\nYou\u2019ll be blown away by the wide-ranging beers available on tap!<\/p>\n<p>[\/vc_column_text][\/vc_column][\/vc_row][vc_row full_width=&#8221;stretch_row&#8221; el_class=&#8221;brown&#8221;][vc_column][vc_column_text]<\/p>\n<h2 style=\"text-align: center;\">Our Story<\/h2>\n<h3 style=\"text-align: center;\">Founded by craft beer enthusiasts Beno\u00eet Couillard and Francis Joncas, Pit Caribou has come a long way since 2007! Here are just some of the highlights of our journey.<\/h3>\n<p>[\/vc_column_text][\/vc_column][\/vc_row][vc_row full_width=&#8221;stretch_row&#8221; css=&#8221;.vc_custom_1574065701977{padding-top: 0px !important;padding-bottom: 0px !important;background-image: url(https:\/\/pitcaribou.com\/wp-content\/uploads\/2019\/11\/bg-timeline.jpg?id=166) !important;background-position: center !important;background-repeat: no-repeat !important;background-size: cover !important;}&#8221;][vc_column]\n\n\t\t \t<div class=\"timeline\">\n\t\t \t\t<div class=\"swiper-container\">\n\t\t\t      \t<div class=\"swiper-wrapper\">\n\t\t\t\t\n\t\t\t\t\t\t<div class=\"swiper-slide\" data-year=\"2007\">\n\t\t\t\t\t\t\t<div class=\"swiper-slide-content\">\n\t\t\t\t\t\t\t\t<span class=\"timeline-year\">2007<\/span>\n\t\t\t\t\t            <h4 class=\"timeline-title\">The Start<\/h4>\n\t\t\t\t\t            <p class=\"timeline-text\">Francis Joncas and Beno\u00eet Couillard opened the one and only microbrewery in Eastern Quebec. They rented out part of an old seal processing plant that had been turned into a harbour in L\u2019Anse-\u00e0-Beaufils, a lobster fishing port. They repurposed and modified some old dairy farm equipment and set to brewing their first two beers: La Blonde de l\u2019Anse and La Bonne Aventure.<\/p>\n\t\t\t\t\t        <\/div>\n\t\t\t\t      \t<\/div>\n\n\t    \t\t\t\n\t\t\t\t\t\t<div class=\"swiper-slide\" data-year=\"2008\">\n\t\t\t\t\t\t\t<div class=\"swiper-slide-content\">\n\t\t\t\t\t\t\t\t<span class=\"timeline-year\">2008<\/span>\n\t\t\t\t\t            <h4 class=\"timeline-title\">Growlers<\/h4>\n\t\t\t\t\t            <p class=\"timeline-text\">They invested in a manual beer gun and began selling their beers directly at the microbrewery in 1.9\u00a0L growlers. They opened a small store at the microbrewery itself. They began distributing barrels of beer to dining establishments and bars across the Gasp\u00e9 Peninsula.<\/p>\n\t\t\t\t\t        <\/div>\n\t\t\t\t      \t<\/div>\n\n\t    \t\t\t\n\t\t\t\t\t\t<div class=\"swiper-slide\" data-year=\"2009\">\n\t\t\t\t\t\t\t<div class=\"swiper-slide-content\">\n\t\t\t\t\t\t\t\t<span class=\"timeline-year\">2009<\/span>\n\t\t\t\t\t            <h4 class=\"timeline-title\">Modernization<\/h4>\n\t\t\t\t\t            <p class=\"timeline-text\"><span style=\"font-weight: 400;\">A third beer is added to the microbrewery\u2019s roster\u2014 the La 475 Blanche de Pratto\u2014brewed for the 475<\/span><span style=\"font-weight: 400;\">th<\/span><span style=\"font-weight: 400;\"> anniversary of Jacques Cartier\u2019s arrival in Gasp\u00e9. The team modernized its equipment by adding 2,000\u00a0L fermenters and changing the brewing system.<\/span><\/p>\n\t\t\t\t\t        <\/div>\n\t\t\t\t      \t<\/div>\n\n\t    \t\t\t\n\t\t\t\t\t\t<div class=\"swiper-slide\" data-year=\"2010\">\n\t\t\t\t\t\t\t<div class=\"swiper-slide-content\">\n\t\t\t\t\t\t\t\t<span class=\"timeline-year\">2010<\/span>\n\t\t\t\t\t            <h4 class=\"timeline-title\">500 ml Bottles<\/h4>\n\t\t\t\t\t            <p class=\"timeline-text\">A fourth beer is released: La Gasp\u00e9sienne no.\u00a013. The team purchased a small bottler and started bottling the microbrewery\u2019s four signature beers in 500\u00a0ml bottles to be distributed to grocery stores and convenience stores across the Gasp\u00e9 Peninsula.<\/p>\n\t\t\t\t\t        <\/div>\n\t\t\t\t      \t<\/div>\n\n\t    \t\t\t\n\t\t\t\t\t\t<div class=\"swiper-slide\" data-year=\"2011\">\n\t\t\t\t\t\t\t<div class=\"swiper-slide-content\">\n\t\t\t\t\t\t\t\t<span class=\"timeline-year\">2011<\/span>\n\t\t\t\t\t            <h4 class=\"timeline-title\">The \u00c9toile du Brasseur Series<\/h4>\n\t\t\t\t\t            <p class=\"timeline-text\">Ready to experiment with some new brews, the microbrewery came up with the \u00c9toile du Brasseur Series. The first beer released from the series was an English-style IPA. The La Anneda Ale, the Bitter, the Double Wit, the Pale Ale and the Wee Heavy rounded out the \u00c9toile de Brasseur Series in 2011. Of note in 2011: the La Gasp\u00e9sienne no.\u00a013 won the silver medal at the Canadian Brewing Awards.<\/p>\n\t\t\t\t\t        <\/div>\n\t\t\t\t      \t<\/div>\n\n\t    \t\t\t\n\t\t\t\t\t\t<div class=\"swiper-slide\" data-year=\"2012\">\n\t\t\t\t\t\t\t<div class=\"swiper-slide-content\">\n\t\t\t\t\t\t\t\t<span class=\"timeline-year\">2012<\/span>\n\t\t\t\t\t            <h4 class=\"timeline-title\">The Tennessee and Farmhouse Ale Series<\/h4>\n\t\t\t\t\t            <p class=\"timeline-text\">2012 was the year of the Tennessee Series with the release of two new brews: Toxic Tennessee and Tennessee no.\u00a013. The Tennessee Series was shortly followed by the Farmhouse Ale Series with the release of the Saison B. The microbrewery also invested in new equipment, changing the brewing system and adding 8,000\u00a0L fermenters, enabling its brewers to double production.<\/p>\n\t\t\t\t\t        <\/div>\n\t\t\t\t      \t<\/div>\n\n\t    \t\t\t\n\t\t\t\t\t\t<div class=\"swiper-slide\" data-year=\"2013\">\n\t\t\t\t\t\t\t<div class=\"swiper-slide-content\">\n\t\t\t\t\t\t\t\t<span class=\"timeline-year\">2013<\/span>\n\t\t\t\t\t            <h4 class=\"timeline-title\">Pub Pit Caribou Perc\u00e9<\/h4>\n\t\t\t\t\t            <p class=\"timeline-text\">With the microbrewery welcoming an increasing number of visitors and quite frankly running out of space, Pit Caribou decided to open a tasting room in the centre of Perc\u00e9. A historic building in downtown Perc\u00e9\u2014the former Charles Robin general store\u2014was on the market and was a perfect fit for Pit Caribou\u2019s first pub.<\/p>\n\t\t\t\t\t        <\/div>\n\t\t\t\t      \t<\/div>\n\n\t    \t\t\t\n\t\t\t\t\t\t<div class=\"swiper-slide\" data-year=\"2014\">\n\t\t\t\t\t\t\t<div class=\"swiper-slide-content\">\n\t\t\t\t\t\t\t\t<span class=\"timeline-year\">2014<\/span>\n\t\t\t\t\t            <h4 class=\"timeline-title\">Maturation<\/h4>\n\t\t\t\t\t            <p class=\"timeline-text\">The maturation of our beer became increasingly important for our brewers. With this in mind, we created \u201cChai\u201d a space within the microbrewery to accommodate our oak aging barrels.<\/p>\n\t\t\t\t\t        <\/div>\n\t\t\t\t      \t<\/div>\n\n\t    \t\t\t\n\t\t\t\t\t\t<div class=\"swiper-slide\" data-year=\"2015\">\n\t\t\t\t\t\t\t<div class=\"swiper-slide-content\">\n\t\t\t\t\t\t\t\t<span class=\"timeline-year\">2015<\/span>\n\t\t\t\t\t            <h4 class=\"timeline-title\">Chai<\/h4>\n\t\t\t\t\t            <p class=\"timeline-text\">We expanded the capacity of our facilities for a second time, adding a cold room, a new bottling room, and a temperature-controlled room for our new Chai. A residency at the Cantillon Brewery in Belgium confirmed our passion for sour beers.<\/p>\n\t\t\t\t\t        <\/div>\n\t\t\t\t      \t<\/div>\n\n\t    \t\t\t\n\t\t\t\t\t\t<div class=\"swiper-slide\" data-year=\"2016\">\n\t\t\t\t\t\t\t<div class=\"swiper-slide-content\">\n\t\t\t\t\t\t\t\t<span class=\"timeline-year\">2016<\/span>\n\t\t\t\t\t            <h4 class=\"timeline-title\">Pub Pit Caribou Montreal<\/h4>\n\t\t\t\t\t            <p class=\"timeline-text\">Pit Caribou entered the big city market opening a tasting room in Montreal where patrons can enjoy microbrewery beers from Eastern Quebec, Gasp\u00e9sian products and imported products. In 2016, we also created a coolship in a shed with a green roof behind the microbrewery, close to the sea.<\/p>\n\t\t\t\t\t        <\/div>\n\t\t\t\t      \t<\/div>\n\n\t    \t\t\t\n\t\t\t\t\t\t<div class=\"swiper-slide\" data-year=\"2017\">\n\t\t\t\t\t\t\t<div class=\"swiper-slide-content\">\n\t\t\t\t\t\t\t\t<span class=\"timeline-year\">2017<\/span>\n\t\t\t\t\t            <h4 class=\"timeline-title\">Spontaneous Fermentation<\/h4>\n\t\t\t\t\t            <p class=\"timeline-text\">After pushing for over 10 years, we finally got authorization from the Quebec R\u00e9gie des alcools, des courses et des jeux to create spontaneous fermentation beers \u2014beers that do not contain added yeast, but rather ferment using the bacteria found naturally in our environment. Such an incredible win for the Quebec brewing community!<\/p>\n\t\t\t\t\t        <\/div>\n\t\t\t\t      \t<\/div>\n\n\t    \t\t\t\n\t\t\t\t\t\t<div class=\"swiper-slide\" data-year=\"2018\">\n\t\t\t\t\t\t\t<div class=\"swiper-slide-content\">\n\t\t\t\t\t\t\t\t<span class=\"timeline-year\">2018<\/span>\n\t\t\t\t\t            <h4 class=\"timeline-title\">A second spontaneous fermentation beer<\/h4>\n\t\t\t\t\t            <p class=\"timeline-text\">In 2018 the community of craft beer connoisseurs reached an all-time high, and at Pit Caribou, we could hardly brew enough to keep up with demand! 2018 was a record year for production, yet our brewers still managed to find the time to create a second spontaneous fermentation beer: the Pers\u00e9ides no.\u00a02.<\/p>\n\t\t\t\t\t        <\/div>\n\t\t\t\t      \t<\/div>\n\n\t    \t\t\t\n\t\t\t\t\t\t<div class=\"swiper-slide\" data-year=\"2019\">\n\t\t\t\t\t\t\t<div class=\"swiper-slide-content\">\n\t\t\t\t\t\t\t\t<span class=\"timeline-year\">2019<\/span>\n\t\t\t\t\t            <h4 class=\"timeline-title\">New Owners<\/h4>\n\t\t\t\t\t            <p class=\"timeline-text\">Francis Joncas sold Pit Caribou to Jean-Fran\u00e7ois Nellis and Vincent Coderre, a dynamic duo striving to continue the development of one of the Gasp\u00e9sie\u2019s most treasured businesses: Pit Caribou. 2019 also marked the year of the introduction of canned beer with the IPA am\u00e9ricaine des Appalaches. The L\u2019Arlequin, the La Session IPA de Lesseps and the Paradise Point were also released in cans shortly afterwards.<\/p>\n\t\t\t\t\t        <\/div>\n\t\t\t\t      \t<\/div>\n\n\t    \t\t\t\n\t\t\t\t\t\t<div class=\"swiper-slide\" data-year=\"2020\">\n\t\t\t\t\t\t\t<div class=\"swiper-slide-content\">\n\t\t\t\t\t\t\t\t<span class=\"timeline-year\">2020<\/span>\n\t\t\t\t\t            <h4 class=\"timeline-title\">New products<\/h4>\n\t\t\t\t\t            <p class=\"timeline-text\"><p id=\"tw-target-text\" class=\"tw-data-text tw-text-large XcVN5d tw-ta\" dir=\"ltr\" data-placeholder=\"Traduction\"><span class=\"Y2IQFc\" lang=\"en\">The year 2020 was triggered by the pandemic, but also by great solidarity. We have products in collaboration with the Soci\u00e9t\u00e9 Secr\u00e8te distillery of antiseptic gel to alleviate a shortage at the start of the crisis. Closing our restaurant and bar clients has been difficult, but the team has released almost 35 limited edition beers for you at home.<\/span><\/p><\/p>\n\t\t\t\t\t        <\/div>\n\t\t\t\t      \t<\/div>\n\n\t    \t\t\t\t\t     \t\t\t\n\t\t\t    \t<\/div><!-- close timeline-wrapper -->\n\n\t\t\t    \t<div class=\"swiper-button-prev\"><\/div>\n\t\t\t      \t<div class=\"swiper-button-next\"><\/div>\n\t\t\t      \t<div class=\"swiper-pagination\"><\/div>\n\t\t\t  \t<\/div>\n\t\t \t<\/div>\n\t\t\t[\/vc_column][\/vc_row][vc_row full_width=&#8221;stretch_row&#8221; el_class=&#8221;brown&#8221;][vc_column][vc_column_text css=&#8221;.vc_custom_1576608125499{margin-bottom: 20px !important;}&#8221;]<\/p>\n<h2 style=\"text-align: center;\">Production Process<\/h2>\n<p>[\/vc_column_text]\t\t \t<div class=\"processus-list\">\r\n\t\t \t\t<div><img decoding=\"async\" src=\"https:\/\/pitcaribou.com\/wp-content\/themes\/pitcaribou\/images\/icon-brassage-en.png\" class=\"\" alt=\"Mashing\" title=\"Mashing\" \/><\/div>\r\n\r\n\t\t \t\t<div><img decoding=\"async\" src=\"https:\/\/pitcaribou.com\/wp-content\/themes\/pitcaribou\/images\/icon-cuisson-en.png\" class=\"\" alt=\"Boiling\" title=\"Boiling\" \/><\/div>\r\n\r\n\t\t \t\t<div><img decoding=\"async\" src=\"https:\/\/pitcaribou.com\/wp-content\/themes\/pitcaribou\/images\/icon-refroidissement-en.png\" class=\"\" alt=\"Cooling\" title=\"Cooling\" \/><\/div>\r\n\r\n\t\t \t\t<div><img decoding=\"async\" src=\"https:\/\/pitcaribou.com\/wp-content\/themes\/pitcaribou\/images\/icon-fermentation-en.png\" class=\"\" alt=\"Fermentation\" title=\"Fermentation\" \/><\/div>\r\n\r\n\t\t \t\t<div><img decoding=\"async\" src=\"https:\/\/pitcaribou.com\/wp-content\/themes\/pitcaribou\/images\/icon-filtration-2-en.png\" class=\"\" alt=\"Maturation\" title=\"Maturation\" \/><\/div>\r\n\r\n\t\t \t\t<div><img decoding=\"async\" src=\"https:\/\/pitcaribou.com\/wp-content\/themes\/pitcaribou\/images\/icon-embouteillage-en.png\" class=\"\" alt=\"Packaging\" title=\"Packaging\" \/><\/div>\r\n\r\n\t\t \t<\/div>\r\n\t\t\t[\/vc_column][\/vc_row][vc_row full_width=&#8221;stretch_row&#8221; css=&#8221;.vc_custom_1573884451195{padding-top: 80px !important;padding-bottom: 80px !important;background-image: url(https:\/\/pitcaribou.com\/wp-content\/uploads\/2019\/11\/bg-row-rope.jpg?id=55) !important;background-position: center !important;background-repeat: no-repeat !important;background-size: cover !important;}&#8221;][vc_column el_class=&#8221;short-container&#8221;][vc_column_text]<\/p>\n<h2 style=\"text-align: center;\">Between fiction and reality:<br \/>\nThe Legend of Pit Caribou<\/h2>\n<p style=\"text-align: center;\">\u201cPit Caribou was a character in the old Radio-Canada soap <em>Les Belles histoires des pays<\/em> d\u2019en haut. It was something that my mother and grandfather watched when I was young. It\u2019s a memory that really stands out from my childhood, I loved it. To cut a long story short, Pit Caribou was the village alcoholic. He was a character that always made me laugh, but was also thought-provoking. He was always getting manipulated, but deep down he was a big softy!\u201d<br \/>\n<strong>-Francis Joncas, founder of Pit Caribou.<\/strong><\/p>\n<p>[\/vc_column_text][\/vc_column][\/vc_row]<\/p>\n<\/div>","protected":false},"excerpt":{"rendered":"<p>[vc_row css=&#8221;.vc_custom_1574069732799{padding-bottom: 80px !important;}&#8221;][vc_column el_class=&#8221;short-container&#8221;][vc_column_text] MICROBREWERY Located at the heart of L\u2019Anse-\u00e0-Beaufils, a picturesque fishing village close to Perc\u00e9 on the Gasp\u00e9 Peninsula, Pit Caribou opened its doors back in 2007, and quickly made a name for itself as a brilliant, creative and innovative enterprise. If you\u2019ve visited the microbrewery in the past, you\u2019ll have [&hellip;]<\/p>\n","protected":false},"author":1,"featured_media":0,"parent":0,"menu_order":0,"comment_status":"closed","ping_status":"closed","template":"","meta":{"_monsterinsights_skip_tracking":false,"_monsterinsights_sitenote_active":false,"_monsterinsights_sitenote_note":"","_monsterinsights_sitenote_category":0,"footnotes":""},"aioseo_notices":[],"_links":{"self":[{"href":"https:\/\/pitcaribou.com\/en\/wp-json\/wp\/v2\/pages\/2012"}],"collection":[{"href":"https:\/\/pitcaribou.com\/en\/wp-json\/wp\/v2\/pages"}],"about":[{"href":"https:\/\/pitcaribou.com\/en\/wp-json\/wp\/v2\/types\/page"}],"author":[{"embeddable":true,"href":"https:\/\/pitcaribou.com\/en\/wp-json\/wp\/v2\/users\/1"}],"replies":[{"embeddable":true,"href":"https:\/\/pitcaribou.com\/en\/wp-json\/wp\/v2\/comments?post=2012"}],"version-history":[{"count":7,"href":"https:\/\/pitcaribou.com\/en\/wp-json\/wp\/v2\/pages\/2012\/revisions"}],"predecessor-version":[{"id":2381,"href":"https:\/\/pitcaribou.com\/en\/wp-json\/wp\/v2\/pages\/2012\/revisions\/2381"}],"wp:attachment":[{"href":"https:\/\/pitcaribou.com\/en\/wp-json\/wp\/v2\/media?parent=2012"}],"curies":[{"name":"wp","href":"https:\/\/api.w.org\/{rel}","templated":true}]}}