{"id":2002,"date":"2019-11-04T12:58:54","date_gmt":"2019-11-04T12:58:54","guid":{"rendered":"https:\/\/pitcaribou.com\/sample-page\/"},"modified":"2025-09-23T10:15:25","modified_gmt":"2025-09-23T14:15:25","slug":"sample-page","status":"publish","type":"page","link":"https:\/\/pitcaribou.com\/en\/","title":{"rendered":"Home"},"content":{"rendered":"<div class=\"wpb-content-wrapper\"><p>[vc_row full_width=&#8221;stretch_row_content_no_spaces&#8221; css=&#8221;.vc_custom_1573051713296{margin-top: 0px !important;margin-bottom: 0px !important;padding-top: 0px !important;padding-bottom: 0px !important;}&#8221;][vc_column]\n\t\t\t<!-- START Banni\u00e8re accueil REVOLUTION SLIDER 6.7.2 --><p class=\"rs-p-wp-fix\"><\/p>\n\t\t\t<rs-module-wrap id=\"rev_slider_1_1_wrapper\" data-source=\"gallery\" style=\"visibility:hidden;background:transparent;padding:0;margin:0px auto;margin-top:0;margin-bottom:0;\">\n\t\t\t\t<rs-module id=\"rev_slider_1_1\" style=\"\" data-version=\"6.7.2\">\n\t\t\t\t\t<rs-slides style=\"overflow: hidden; position: absolute;\">\n\t\t\t\t\t\t<rs-slide style=\"position: absolute;\" data-key=\"rs-16\" data-title=\"Bienvenue\" data-anim=\"ms:600;r:0;\" data-in=\"o:0;\" data-out=\"a:false;\">\n\t\t\t\t\t\t\t<img decoding=\"async\" src=\"\/\/pitcaribou.com\/wp-content\/plugins\/revslider\/sr6\/assets\/assets\/dummy.png\" alt=\"\" title=\"Home\" class=\"rev-slidebg tp-rs-img rs-lazyload\" data-lazyload=\"\/\/pitcaribou.com\/wp-content\/uploads\/2019\/11\/banner-welcome.jpg\" data-bg=\"p:28% 0%;\" data-no-retina>\n<!--\n\t\t\t\t\t\t\t--><h3\n\t\t\t\t\t\t\t\tid=\"slider-1-slide-16-layer-1\" \n\t\t\t\t\t\t\t\tclass=\"rs-layer\"\n\t\t\t\t\t\t\t\tdata-type=\"text\"\n\t\t\t\t\t\t\t\tdata-rsp_ch=\"on\"\n\t\t\t\t\t\t\t\tdata-xy=\"x:r;yo:125px,125px,406px,406px;\"\n\t\t\t\t\t\t\t\tdata-text=\"w:normal;s:80,80,55,55;l:95,95,60,60;a:right;\"\n\t\t\t\t\t\t\t\tdata-basealign=\"slide\"\n\t\t\t\t\t\t\t\tdata-padding=\"t:20,20,8,8;r:40,40,15,15;b:40,40,15,15;l:100,100,39,39;\"\n\t\t\t\t\t\t\t\tdata-border=\"bor:20px,0,0,20px;\"\n\t\t\t\t\t\t\t\tdata-frame_0=\"x:100%;\"\n\t\t\t\t\t\t\t\tdata-frame_0_lines=\"d:5;\"\n\t\t\t\t\t\t\t\tdata-frame_1=\"e:power4.inOut;st:300;sp:1000;sR:100;\"\n\t\t\t\t\t\t\t\tdata-frame_999=\"o:0;st:w;sR:5700;\"\n\t\t\t\t\t\t\t\tstyle=\"z-index:8;background-color:#5e462e;font-family:'Roboto Slab';\"\n\t\t\t\t\t\t\t>Welcome to \n\t\t\t\t\t\t\t<\/h3><!--\n\n\t\t\t\t\t\t\t--><h3\n\t\t\t\t\t\t\t\tid=\"slider-1-slide-16-layer-2\" \n\t\t\t\t\t\t\t\tclass=\"rs-layer\"\n\t\t\t\t\t\t\t\tdata-type=\"text\"\n\t\t\t\t\t\t\t\tdata-rsp_ch=\"on\"\n\t\t\t\t\t\t\t\tdata-xy=\"x:r;yo:255px,255px,478px,478px;\"\n\t\t\t\t\t\t\t\tdata-text=\"w:normal;s:80,80,55,55;l:95,95,60,60;a:right;\"\n\t\t\t\t\t\t\t\tdata-basealign=\"slide\"\n\t\t\t\t\t\t\t\tdata-padding=\"t:20,20,8,8;r:40,40,15,15;b:20,20,8,8;l:100,100,39,39;\"\n\t\t\t\t\t\t\t\tdata-frame_0=\"x:100%;\"\n\t\t\t\t\t\t\t\tdata-frame_0_lines=\"d:5;\"\n\t\t\t\t\t\t\t\tdata-frame_1=\"e:power4.inOut;st:800;sp:1000;sR:100;\"\n\t\t\t\t\t\t\t\tdata-frame_999=\"o:0;st:w;sR:5700;\"\n\t\t\t\t\t\t\t\tstyle=\"z-index:9;background-color:#162435;font-family:'Roboto Slab';\"\n\t\t\t\t\t\t\t>Pit Caribou! \n\t\t\t\t\t\t\t<\/h3><!--\n-->\t\t\t\t\t<\/rs-slide>\n\t\t\t\t\t\t<rs-slide style=\"position: absolute;\" data-key=\"rs-17\" data-title=\"Pubs\" data-anim=\"ms:600;r:0;\" data-in=\"o:0;\" data-out=\"a:false;\">\n\t\t\t\t\t\t\t<img decoding=\"async\" src=\"\/\/pitcaribou.com\/wp-content\/plugins\/revslider\/sr6\/assets\/assets\/dummy.png\" alt=\"\" title=\"Home\" class=\"rev-slidebg tp-rs-img rs-lazyload\" data-lazyload=\"\/\/pitcaribou.com\/wp-content\/uploads\/2019\/11\/banner-pubs.jpg\" data-bg=\"p:60% 0%;\" data-no-retina>\n<!--\n\t\t\t\t\t\t\t--><h3\n\t\t\t\t\t\t\t\tid=\"slider-1-slide-17-layer-3\" \n\t\t\t\t\t\t\t\tclass=\"rs-layer\"\n\t\t\t\t\t\t\t\tdata-type=\"text\"\n\t\t\t\t\t\t\t\tdata-rsp_ch=\"on\"\n\t\t\t\t\t\t\t\tdata-xy=\"yo:570px,570px,361px,361px;\"\n\t\t\t\t\t\t\t\tdata-text=\"w:normal;s:80,80,55,55;l:95,95,60,60;a:right;\"\n\t\t\t\t\t\t\t\tdata-basealign=\"slide\"\n\t\t\t\t\t\t\t\tdata-padding=\"t:20,20,8,8;r:100,100,39,39;b:40,40,15,15;l:40,40,15,15;\"\n\t\t\t\t\t\t\t\tdata-border=\"bor:0px,20px,20px,0px;\"\n\t\t\t\t\t\t\t\tdata-frame_0=\"x:-100%;\"\n\t\t\t\t\t\t\t\tdata-frame_0_lines=\"d:5;\"\n\t\t\t\t\t\t\t\tdata-frame_1=\"e:power4.inOut;st:300;sp:1000;sR:100;\"\n\t\t\t\t\t\t\t\tdata-frame_999=\"o:0;st:w;sR:5700;\"\n\t\t\t\t\t\t\t\tstyle=\"z-index:8;background-color:#5e462e;font-family:'Roboto Slab';\"\n\t\t\t\t\t\t\t>From Perc\u00e9 \n\t\t\t\t\t\t\t<\/h3><!--\n\n\t\t\t\t\t\t\t--><h3\n\t\t\t\t\t\t\t\tid=\"slider-1-slide-17-layer-4\" \n\t\t\t\t\t\t\t\tclass=\"rs-layer\"\n\t\t\t\t\t\t\t\tdata-type=\"text\"\n\t\t\t\t\t\t\t\tdata-rsp_ch=\"on\"\n\t\t\t\t\t\t\t\tdata-xy=\"yo:700px,700px,431px,431px;\"\n\t\t\t\t\t\t\t\tdata-text=\"w:normal;s:80,80,55,55;l:95,95,60,60;a:right;\"\n\t\t\t\t\t\t\t\tdata-basealign=\"slide\"\n\t\t\t\t\t\t\t\tdata-padding=\"t:20,20,8,8;r:100,100,39,39;b:20,20,8,8;l:40,40,15,15;\"\n\t\t\t\t\t\t\t\tdata-frame_0=\"x:-100%;\"\n\t\t\t\t\t\t\t\tdata-frame_0_lines=\"d:5;\"\n\t\t\t\t\t\t\t\tdata-frame_1=\"e:power4.inOut;st:800;sp:1000;sR:100;\"\n\t\t\t\t\t\t\t\tdata-frame_999=\"o:0;st:w;sR:5700;\"\n\t\t\t\t\t\t\t\tstyle=\"z-index:9;background-color:#162435;font-family:'Roboto Slab';\"\n\t\t\t\t\t\t\t>to Montreal \n\t\t\t\t\t\t\t<\/h3><!--\n-->\t\t\t\t\t<\/rs-slide>\n\t\t\t\t\t\t<rs-slide style=\"position: absolute;\" data-key=\"rs-18\" data-title=\"Collection\" data-anim=\"ms:600;r:0;\" data-in=\"o:0;\" data-out=\"a:false;\">\n\t\t\t\t\t\t\t<img decoding=\"async\" src=\"\/\/pitcaribou.com\/wp-content\/plugins\/revslider\/sr6\/assets\/assets\/dummy.png\" alt=\"\" title=\"Home\" class=\"rev-slidebg tp-rs-img rs-lazyload\" data-lazyload=\"\/\/pitcaribou.com\/wp-content\/uploads\/2019\/11\/banner-collection.jpg\" data-bg=\"p:70% 0%;\" data-no-retina>\n<!--\n\t\t\t\t\t\t\t--><h3\n\t\t\t\t\t\t\t\tid=\"slider-1-slide-18-layer-5\" \n\t\t\t\t\t\t\t\tclass=\"rs-layer\"\n\t\t\t\t\t\t\t\tdata-type=\"text\"\n\t\t\t\t\t\t\t\tdata-rsp_ch=\"on\"\n\t\t\t\t\t\t\t\tdata-xy=\"x:r;yo:570px,570px,351px,351px;\"\n\t\t\t\t\t\t\t\tdata-text=\"w:normal;s:62,62,40,40;l:70,70,50,50;a:right;\"\n\t\t\t\t\t\t\t\tdata-basealign=\"slide\"\n\t\t\t\t\t\t\t\tdata-padding=\"t:30,30,11,11;r:50,50,20,20;b:30,30,11,11;l:40,40,15,15;\"\n\t\t\t\t\t\t\t\tdata-border=\"bor:20px,0,0,20px;\"\n\t\t\t\t\t\t\t\tdata-frame_0=\"x:100%;\"\n\t\t\t\t\t\t\t\tdata-frame_0_lines=\"d:5;\"\n\t\t\t\t\t\t\t\tdata-frame_1=\"e:power4.inOut;st:300;sp:1000;sR:100;\"\n\t\t\t\t\t\t\t\tdata-frame_999=\"o:0;st:w;sR:5700;\"\n\t\t\t\t\t\t\t\tstyle=\"z-index:8;background-color:#5e462e;font-family:'Roboto Slab';\"\n\t\t\t\t\t\t\t>Discover the Pit Caribou Collection \n\t\t\t\t\t\t\t<\/h3><!--\n\n\t\t\t\t\t\t\t--><a\n\t\t\t\t\t\t\t\tid=\"slider-1-slide-18-layer-6\" \n\t\t\t\t\t\t\t\tclass=\"rs-layer rev-btn\"\n\t\t\t\t\t\t\t\thref=\"https:\/\/pitcaribou.com\/en\/online-store\/\" target=\"_self\"\n\t\t\t\t\t\t\t\tdata-type=\"button\"\n\t\t\t\t\t\t\t\tdata-rsp_ch=\"on\"\n\t\t\t\t\t\t\t\tdata-xy=\"x:r;xo:90px,90px,0,90px;yo:695px,695px,419px,419px;\"\n\t\t\t\t\t\t\t\tdata-text=\"w:normal;s:28,28,22,22;l:32,32,25,25;fw:700;\"\n\t\t\t\t\t\t\t\tdata-dim=\"minh:0px,0px,none,0px;\"\n\t\t\t\t\t\t\t\tdata-padding=\"t:30,30,11,11;r:30,30,11,11;b:30,30,11,11;l:30,30,11,11;\"\n\t\t\t\t\t\t\t\tdata-border=\"bos:solid;boc:#ffffff;bow:4px,4px,4px,4px;bor:40px,40px,40px,40px;\"\n\t\t\t\t\t\t\t\tdata-frame_0=\"y:-25px,-25px,-9px,-9px;\"\n\t\t\t\t\t\t\t\tdata-frame_1=\"st:800;sp:1000;\"\n\t\t\t\t\t\t\t\tdata-frame_999=\"o:0;st:w;\"\n\t\t\t\t\t\t\t\tdata-frame_hover=\"bgc:rgba(94,70,46,0.84);boc:#fff;bor:40px,40px,40px,40px;bos:solid;bow:4px,4px,4px,4px;e:power1.inOut;\"\n\t\t\t\t\t\t\t\tstyle=\"z-index:9;background-color:rgba(22,36,53,0.84);font-family:'Roboto Slab';\"\n\t\t\t\t\t\t\t>Show me the goods! \n\t\t\t\t\t\t\t<\/a><!--\n-->\t\t\t\t\t<\/rs-slide>\n\t\t\t\t\t<\/rs-slides>\n\t\t\t\t<\/rs-module>\n\t\t\t\t<script>\n\t\t\t\t\tsetREVStartSize({c: 'rev_slider_1_1',rl:[1240,1240,778,778],el:[900,900,550,550],gw:[2000,2000,778,778],gh:[900,900,550,550],type:'standard',justify:'',layout:'fullwidth',mh:\"300\"});if (window.RS_MODULES!==undefined && window.RS_MODULES.modules!==undefined && window.RS_MODULES.modules[\"revslider11\"]!==undefined) {window.RS_MODULES.modules[\"revslider11\"].once = false;window.revapi1 = undefined;if (window.RS_MODULES.checkMinimal!==undefined) window.RS_MODULES.checkMinimal()}\n\t\t\t\t<\/script>\n\t\t\t<\/rs-module-wrap>\n\t\t\t<!-- END REVOLUTION SLIDER -->\n[\/vc_column][\/vc_row][vc_row full_width=&#8221;stretch_row&#8221; css=&#8221;.vc_custom_1573151086387{margin-bottom: 0px !important;padding-top: 85px !important;padding-bottom: 85px !important;background-image: url(https:\/\/pitcaribou.com\/wp-content\/uploads\/2019\/11\/bg-row-rope.jpg?id=55) !important;background-position: center !important;background-repeat: no-repeat !important;background-size: cover !important;}&#8221;][vc_column el_class=&#8221;short-container justify-center&#8221;][vc_single_image image=&#8221;1978&#8243; img_size=&#8221;full&#8221; alignment=&#8221;center&#8221;][vc_column_text]<\/p>\n<h1>Cheers!<br \/>\nfrom the Legendary Pit Caribou!<\/h1>\n<p>Pit Caribou and its team welcome you with open arms into their world of craft beer brewing. Brewed in L\u2019Anse-\u00e0-Beaufils, a picturesque fishing village close to Perc\u00e9 on the Gasp\u00e9 Peninsula, our beers are a reflection of the people in our community: authentic and refreshing!<\/p>\n<p>Enjoy an unbridled taste of the Gasp\u00e9 Peninsula all year long:<br \/>\ndiscover your love for the legendary Pit Caribou \u2013 one mouthful at a time![\/vc_column_text]\t\t \t<div class=\"btn-wrapper\"><a href=\"https:\/\/pitcaribou.com\/en\/beers\/\" class=\"btn hover-blue\" >\r\n\t\t \t\tShow me the beer!\t\t    <\/a><\/div>\r\n\t\t\t[\/vc_column][\/vc_row][vc_row full_width=&#8221;stretch_row_content_no_spaces&#8221; equal_height=&#8221;yes&#8221; css=&#8221;.vc_custom_1573154891998{margin-top: 0px !important;margin-bottom: 0px !important;padding-top: 0px !important;padding-bottom: 0px !important;}&#8221; el_class=&#8221;beer_featured_row&#8221;][vc_column width=&#8221;1\/4&#8243;]\t\t \t<div class=\"beer_featured_block\">\r\n\t\t \t\t<img decoding=\"async\" src=\"https:\/\/pitcaribou.com\/wp-content\/uploads\/2019\/11\/beer-featured-classic.jpg\" alt=\"Classic Beers\" \/>\r\n\t\t \t\t<div class=\"beer_featured_content\">\r\n\t\t \t\t\t<div class=\"beer_featured_content_pos\">\r\n\t\t\t\t        <div><h3>Classic Beers<\/h3><\/div>\r\n\t\t\t\t        <div><p>Our classic Pit Caribou beers are available year-round all over the province of Quebec. Whether you\u2019re a seasoned craft beer fan or a newbie, our classic beers are the best place to start.<\/p><\/div>\r\n\t\t\t\t        <a href=\"https:\/\/pitcaribou.com\/en\/beers\/?beer-category=classic\" class=\"btn\">I\u2019m thirsty!<\/a>\r\n\t\t\t\t    <\/div>\r\n\t\t\t    <\/div>\r\n\t\t \t<\/div>\r\n\t\t\t[\/vc_column][vc_column width=&#8221;1\/4&#8243;]\t\t \t<div class=\"beer_featured_block\">\r\n\t\t \t\t<img decoding=\"async\" src=\"https:\/\/pitcaribou.com\/wp-content\/uploads\/2019\/11\/beer-featured-spontanees.jpg\" alt=\"Spontaneous Fermentation Beers\" \/>\r\n\t\t \t\t<div class=\"beer_featured_content\">\r\n\t\t \t\t\t<div class=\"beer_featured_content_pos\">\r\n\t\t\t\t        <div><h3>Spontaneous Fermentation Beers<\/h3><\/div>\r\n\t\t\t\t        <div><p>We take great pride in our spontaneous fermentation beers! We pioneered spontaneous fermentation in Quebec, discover our delicious beers brewed with the best of the Gasp\u00e9sie!<\/p><\/div>\r\n\t\t\t\t        <a href=\"https:\/\/pitcaribou.com\/en\/beers\/?beer-category=spontaneous-fermentation\" class=\"btn\">I\u2019m really thirsty!<\/a>\r\n\t\t\t\t    <\/div>\r\n\t\t\t    <\/div>\r\n\t\t \t<\/div>\r\n\t\t\t[\/vc_column][vc_column width=&#8221;1\/4&#8243;]\t\t \t<div class=\"beer_featured_block\">\r\n\t\t \t\t<img decoding=\"async\" src=\"https:\/\/pitcaribou.com\/wp-content\/uploads\/2019\/11\/beer-featured-limited-edition.jpg\" alt=\"Limited Edition Beers\" \/>\r\n\t\t \t\t<div class=\"beer_featured_content\">\r\n\t\t \t\t\t<div class=\"beer_featured_content_pos\">\r\n\t\t\t\t        <div><h3>Limited Edition Beers<\/h3><\/div>\r\n\t\t\t\t        <div><p>Our limited edition beers have become a tradition here at Pit Caribou. Try our barley wine (Vin d\u2019Orge), espresso stout (Le Stout \u00e0 l\u2019Espresso Bio), or our Lollipop (a pink-coloured, sour German-style Berliner Weisse) available just once a year: first come, first served!<\/p><\/div>\r\n\t\t\t\t        <a href=\"https:\/\/pitcaribou.com\/en\/beers\/?beer-category=limited-edition\" class=\"btn\">I\u2019m parched!<\/a>\r\n\t\t\t\t    <\/div>\r\n\t\t\t    <\/div>\r\n\t\t \t<\/div>\r\n\t\t\t[\/vc_column][vc_column width=&#8221;1\/4&#8243;]\t\t \t<div class=\"beer_featured_block\">\r\n\t\t \t\t<img decoding=\"async\" src=\"https:\/\/pitcaribou.com\/wp-content\/uploads\/2019\/11\/beer-featured-hors-series.jpg\" alt=\"Barrel-aged beers\" \/>\r\n\t\t \t\t<div class=\"beer_featured_content\">\r\n\t\t \t\t\t<div class=\"beer_featured_content_pos\">\r\n\t\t\t\t        <div><h3>Barrel-aged beers<\/h3><\/div>\r\n\t\t\t\t        <div><p>Our barrel-aged beers ferment under the best conditions, influenced by our boreal climate. Find out what inspires our brewers and taste the difference.<\/p><\/div>\r\n\t\t\t\t        <a href=\"https:\/\/pitcaribou.com\/en\/beers\/?beer-category=barrel-aged\" class=\"btn\">Pour me a drink!<\/a>\r\n\t\t\t\t    <\/div>\r\n\t\t\t    <\/div>\r\n\t\t \t<\/div>\r\n\t\t\t[\/vc_column][\/vc_row][vc_section full_width=&#8221;stretch_row_content&#8221; css=&#8221;.vc_custom_1573053039001{background-color: #edecea !important;}&#8221;][\/vc_section][vc_row full_width=&#8221;stretch_row_content&#8221; equal_height=&#8221;yes&#8221; content_placement=&#8221;middle&#8221; el_class=&#8221;home-row-sellpoints&#8221; css=&#8221;.vc_custom_1576208427132{padding-top: 70px !important;padding-bottom: 70px !important;background-position: 0 0 !important;background-repeat: no-repeat !important;}&#8221;][vc_column width=&#8221;5\/12&#8243; css=&#8221;.vc_custom_1575365003985{padding-right: 25px !important;padding-left: 25px !important;}&#8221; offset=&#8221;vc_hidden-xs&#8221;][vc_row_inner][vc_column_inner width=&#8221;1\/2&#8243; css=&#8221;.vc_custom_1573083995267{padding-right: 10px !important;}&#8221;][vc_single_image image=&#8221;1816&#8243; img_size=&#8221;full&#8221;][\/vc_column_inner][vc_column_inner width=&#8221;1\/2&#8243; css=&#8221;.vc_custom_1573083998908{padding-left: 10px !important;}&#8221;][vc_single_image image=&#8221;1817&#8243; img_size=&#8221;full&#8221;][\/vc_column_inner][\/vc_row_inner][\/vc_column][vc_column width=&#8221;1\/3&#8243;][vc_column_text]<\/p>\n<h2>Find our Products in a Store Near You<\/h2>\n<h3>Pit Caribou products are available at retailers, dining establishments, convenience and grocery stores around the province, find out where you can find them!<\/h3>\n<p>[\/vc_column_text]\t\t \t<div class=\"btn-wrapper\"><a href=\"https:\/\/pitcaribou.com\/en\/points-of-sale\/\" class=\"btn hover-blue\" >\r\n\t\t \t\tSee points of sale\t\t    <\/a><\/div>\r\n\t\t\t[\/vc_column][\/vc_row][vc_row full_width=&#8221;stretch_row&#8221; el_class=&#8221;dark home-news-row&#8221; css=&#8221;.vc_custom_1573083206783{padding-top: 50px !important;padding-bottom: 80px !important;background-image: url(https:\/\/pitcaribou.com\/wp-content\/uploads\/2019\/11\/news-bg.jpg?id=84) !important;background-position: center !important;background-repeat: no-repeat !important;background-size: cover !important;}&#8221;][vc_column][vc_column_text]<\/p>\n<h2>What\u2019s New at Pit Caribou?<\/h2>\n<p>INNOVATION, DEVELOPMENT AND CREATIVITY[\/vc_column_text]\t\t \t<div class=\"blog-list\">\r\n\t\t\t\t\r\n\t\t\t\t\t\t<article class=\"list-article-block\">\r\n\t\t\t\t\t        <div class=\"list-article-date\">06.04.2020<\/div>\r\n\t\t\t\t\t        <div class=\"list-article-title\" ><a href=\"https:\/\/pitcaribou.com\/en\/erratum-paradise-point-bottled-on-march-20-2020\/\"><h4>Erratum: Paradise Point bottled on March 20th, 2020<\/h4><\/a><\/div>\r\n\t\t\t\t\t        <div class=\"list-article-excerpt\">Dear customers, Hereby, we wish to inform you that our lot # 3008 of the Paradise Point bottled on March 20th, is different from...<\/div>\r\n\t\t\t\t\t        <div class=\"list-article-link\"><a href=\"https:\/\/pitcaribou.com\/en\/erratum-paradise-point-bottled-on-march-20-2020\/\" class=\"btn\">Learn more<\/a><\/div>\r\n\t\t\t\t      \t<\/article>\r\n\r\n\t    \t\t\t\r\n\t\t\t\t\t\t<article class=\"list-article-block\">\r\n\t\t\t\t\t        <div class=\"list-article-date\">31.03.2020<\/div>\r\n\t\t\t\t\t        <div class=\"list-article-title\" ><a href=\"https:\/\/pitcaribou.com\/en\/commande-telephonique-boutique\/\"><h4>Phone order \/ shop<\/h4><\/a><\/div>\r\n\t\t\t\t\t        <div class=\"list-article-excerpt\">Here are the beers currently available at the store by telephone order only. 418 782-1444, extension 1! 475 Blanche de Pratto Blonde de l&#8217;Anse...<\/div>\r\n\t\t\t\t\t        <div class=\"list-article-link\"><a href=\"https:\/\/pitcaribou.com\/en\/commande-telephonique-boutique\/\" class=\"btn\">Learn more<\/a><\/div>\r\n\t\t\t\t      \t<\/article>\r\n\r\n\t    \t\t\t\t\t \t<\/div>\r\n\t\t\t\t\t \t<div class=\"btn-wrapper\"><a href=\"https:\/\/pitcaribou.com\/en\/microbrewery\/\" class=\"btn \" >\r\n\t\t \t\tSee what\u2019s brewing!\t\t    <\/a><\/div>\r\n\t\t\t[\/vc_column][\/vc_row]<\/p>\n<\/div>","protected":false},"excerpt":{"rendered":"<p>[vc_row full_width=&#8221;stretch_row_content_no_spaces&#8221; css=&#8221;.vc_custom_1573051713296{margin-top: 0px !important;margin-bottom: 0px !important;padding-top: 0px !important;padding-bottom: 0px !important;}&#8221;][vc_column][\/vc_column][\/vc_row][vc_row full_width=&#8221;stretch_row&#8221; css=&#8221;.vc_custom_1573151086387{margin-bottom: 0px !important;padding-top: 85px !important;padding-bottom: 85px !important;background-image: url(https:\/\/pitcaribou.com\/wp-content\/uploads\/2019\/11\/bg-row-rope.jpg?id=55) !important;background-position: center !important;background-repeat: no-repeat !important;background-size: cover !important;}&#8221;][vc_column el_class=&#8221;short-container justify-center&#8221;][vc_single_image image=&#8221;1978&#8243; img_size=&#8221;full&#8221; alignment=&#8221;center&#8221;][vc_column_text] Cheers! from the Legendary Pit Caribou! Pit Caribou and its team welcome you with open arms into their world of craft beer brewing. [&hellip;]<\/p>\n","protected":false},"author":1,"featured_media":0,"parent":0,"menu_order":0,"comment_status":"closed","ping_status":"closed","template":"","meta":{"_monsterinsights_skip_tracking":false,"_monsterinsights_sitenote_active":false,"_monsterinsights_sitenote_note":"","_monsterinsights_sitenote_category":0,"footnotes":""},"aioseo_notices":[],"_links":{"self":[{"href":"https:\/\/pitcaribou.com\/en\/wp-json\/wp\/v2\/pages\/2002"}],"collection":[{"href":"https:\/\/pitcaribou.com\/en\/wp-json\/wp\/v2\/pages"}],"about":[{"href":"https:\/\/pitcaribou.com\/en\/wp-json\/wp\/v2\/types\/page"}],"author":[{"embeddable":true,"href":"https:\/\/pitcaribou.com\/en\/wp-json\/wp\/v2\/users\/1"}],"replies":[{"embeddable":true,"href":"https:\/\/pitcaribou.com\/en\/wp-json\/wp\/v2\/comments?post=2002"}],"version-history":[{"count":13,"href":"https:\/\/pitcaribou.com\/en\/wp-json\/wp\/v2\/pages\/2002\/revisions"}],"predecessor-version":[{"id":7421,"href":"https:\/\/pitcaribou.com\/en\/wp-json\/wp\/v2\/pages\/2002\/revisions\/7421"}],"wp:attachment":[{"href":"https:\/\/pitcaribou.com\/en\/wp-json\/wp\/v2\/media?parent=2002"}],"curies":[{"name":"wp","href":"https:\/\/api.w.org\/{rel}","templated":true}]}}